{"id":3049,"date":"2022-02-18T14:28:17","date_gmt":"2022-02-18T13:28:17","guid":{"rendered":"https:\/\/www.pouey.com\/sitemap\/"},"modified":"2024-11-07T17:15:33","modified_gmt":"2024-11-07T16:15:33","slug":"sitemap","status":"publish","type":"page","link":"https:\/\/pouey.definima.net\/nl\/sitemap\/","title":{"rendered":"Sitemap"},"content":{"rendered":"\n<p>Pour modifier le plan du site aller dans Apparence &gt; Menus &gt; S\u00e9lectionner le menu &#8220;Plan du site&#8221;.<br\/>\u00c9videment cette phrase n&#8217;apparaitra pas en front office tant que le mod\u00e8le de page &#8220;Page plan du site&#8221; est s\u00e9lectionn\u00e9.<\/p>\n","protected":false},"excerpt":{"rendered":"<p>Pour modifier le plan du site aller dans Apparence &gt; Menus &gt; S\u00e9lectionner le menu &#8220;Plan du site&#8221;.\u00c9videment cette phrase n&#8217;apparaitra pas en front office tant que le mod\u00e8le de page &#8220;Page plan du site&#8221; est s\u00e9lectionn\u00e9.<\/p>\n","protected":false},"author":1,"featured_media":0,"parent":0,"menu_order":0,"comment_status":"closed","ping_status":"closed","template":"template-sitemap.php","meta":{"content-type":"","inline_featured_image":false,"footnotes":""},"class_list":["post-3049","page","type-page","status-publish","hentry","entry"],"acf":[],"yoast_head":"<!-- This site is optimized with the Yoast SEO plugin v27.4 - https:\/\/yoast.com\/product\/yoast-seo-wordpress\/ -->\n<title>Navigatie met sitemap | Pouey International<\/title>\n<meta name=\"description\" content=\"Navigeer gemakkelijk door onze site met onze sitemap. Alles wat je nodig hebt om te bladeren en de informatie te krijgen die je nodig hebt.\" \/>\n<meta name=\"robots\" content=\"noindex, follow, max-snippet:-1, max-image-preview:large, max-video-preview:-1\" \/>\n<meta property=\"og:locale\" content=\"nl_NL\" \/>\n<meta property=\"og:type\" content=\"article\" \/>\n<meta property=\"og:title\" content=\"Navigatie met sitemap | Pouey International\" \/>\n<meta property=\"og:description\" content=\"Navigeer gemakkelijk door onze site met onze sitemap. Alles wat je nodig hebt om te bladeren en de informatie te krijgen die je nodig hebt.\" \/>\n<meta property=\"og:url\" content=\"https:\/\/pouey.definima.net\/nl\/sitemap\/\" \/>\n<meta property=\"og:site_name\" content=\"Pouey International\" \/>\n<meta property=\"article:publisher\" content=\"https:\/\/www.facebook.com\/p\/Pouey-International-SA-100069749935977\" \/>\n<meta property=\"article:modified_time\" content=\"2024-11-07T16:15:33+00:00\" \/>\n<meta name=\"twitter:card\" content=\"summary_large_image\" \/>\n<meta name=\"twitter:site\" content=\"@PoueyInt\" \/>\n<meta name=\"twitter:label1\" content=\"Geschatte leestijd\" \/>\n\t<meta name=\"twitter:data1\" content=\"1 minuut\" \/>\n<script type=\"application\/ld+json\" class=\"yoast-schema-graph\">{\"@context\":\"https:\\\/\\\/schema.org\",\"@graph\":[{\"@type\":\"WebPage\",\"@id\":\"https:\\\/\\\/pouey.definima.net\\\/nl\\\/sitemap\\\/\",\"url\":\"https:\\\/\\\/pouey.definima.net\\\/nl\\\/sitemap\\\/\",\"name\":\"Navigatie met sitemap | Pouey International\",\"isPartOf\":{\"@id\":\"https:\\\/\\\/pouey.definima.net\\\/nl\\\/#website\"},\"datePublished\":\"2022-02-18T13:28:17+00:00\",\"dateModified\":\"2024-11-07T16:15:33+00:00\",\"description\":\"Navigeer gemakkelijk door onze site met onze sitemap. Alles wat je nodig hebt om te bladeren en de informatie te krijgen die je nodig hebt.\",\"breadcrumb\":{\"@id\":\"https:\\\/\\\/pouey.definima.net\\\/nl\\\/sitemap\\\/#breadcrumb\"},\"inLanguage\":\"nl-NL\",\"potentialAction\":[{\"@type\":\"ReadAction\",\"target\":[\"https:\\\/\\\/pouey.definima.net\\\/nl\\\/sitemap\\\/\"]}]},{\"@type\":\"BreadcrumbList\",\"@id\":\"https:\\\/\\\/pouey.definima.net\\\/nl\\\/sitemap\\\/#breadcrumb\",\"itemListElement\":[{\"@type\":\"ListItem\",\"position\":1,\"name\":\"Home\",\"item\":\"https:\\\/\\\/www.pouey.com\\\/nl\\\/\"},{\"@type\":\"ListItem\",\"position\":2,\"name\":\"Sitemap\"}]},{\"@type\":\"WebSite\",\"@id\":\"https:\\\/\\\/pouey.definima.net\\\/nl\\\/#website\",\"url\":\"https:\\\/\\\/pouey.definima.net\\\/nl\\\/\",\"name\":\"Pouey International\",\"description\":\"Veilig vooruitkomen met Pouey International\",\"publisher\":{\"@id\":\"https:\\\/\\\/pouey.definima.net\\\/nl\\\/#organization\"},\"alternateName\":\"Pouey\",\"potentialAction\":[{\"@type\":\"SearchAction\",\"target\":{\"@type\":\"EntryPoint\",\"urlTemplate\":\"https:\\\/\\\/pouey.definima.net\\\/nl\\\/?s={search_term_string}\"},\"query-input\":{\"@type\":\"PropertyValueSpecification\",\"valueRequired\":true,\"valueName\":\"search_term_string\"}}],\"inLanguage\":\"nl-NL\"},{\"@type\":\"Organization\",\"@id\":\"https:\\\/\\\/pouey.definima.net\\\/nl\\\/#organization\",\"name\":\"Pouey International\",\"alternateName\":\"Pouey\",\"url\":\"https:\\\/\\\/pouey.definima.net\\\/nl\\\/\",\"logo\":{\"@type\":\"ImageObject\",\"inLanguage\":\"nl-NL\",\"@id\":\"https:\\\/\\\/pouey.definima.net\\\/nl\\\/#\\\/schema\\\/logo\\\/image\\\/\",\"url\":\"https:\\\/\\\/www.pouey.com\\\/wp-content\\\/uploads\\\/2022\\\/01\\\/logo-pouey.svg\",\"contentUrl\":\"https:\\\/\\\/www.pouey.com\\\/wp-content\\\/uploads\\\/2022\\\/01\\\/logo-pouey.svg\",\"width\":139,\"height\":107,\"caption\":\"Pouey International\"},\"image\":{\"@id\":\"https:\\\/\\\/pouey.definima.net\\\/nl\\\/#\\\/schema\\\/logo\\\/image\\\/\"},\"sameAs\":[\"https:\\\/\\\/www.facebook.com\\\/p\\\/Pouey-International-SA-100069749935977\",\"https:\\\/\\\/x.com\\\/PoueyInt\",\"https:\\\/\\\/www.linkedin.com\\\/company\\\/pouey-international\\\/\"]}]}<\/script>\n<!-- \/ Yoast SEO plugin. -->","yoast_head_json":{"title":"Navigatie met sitemap | Pouey International","description":"Navigeer gemakkelijk door onze site met onze sitemap. Alles wat je nodig hebt om te bladeren en de informatie te krijgen die je nodig hebt.","robots":{"index":"noindex","follow":"follow","max-snippet":"max-snippet:-1","max-image-preview":"max-image-preview:large","max-video-preview":"max-video-preview:-1"},"og_locale":"nl_NL","og_type":"article","og_title":"Navigatie met sitemap | Pouey International","og_description":"Navigeer gemakkelijk door onze site met onze sitemap. Alles wat je nodig hebt om te bladeren en de informatie te krijgen die je nodig hebt.","og_url":"https:\/\/pouey.definima.net\/nl\/sitemap\/","og_site_name":"Pouey International","article_publisher":"https:\/\/www.facebook.com\/p\/Pouey-International-SA-100069749935977","article_modified_time":"2024-11-07T16:15:33+00:00","twitter_card":"summary_large_image","twitter_site":"@PoueyInt","twitter_misc":{"Geschatte leestijd":"1 minuut"},"schema":{"@context":"https:\/\/schema.org","@graph":[{"@type":"WebPage","@id":"https:\/\/pouey.definima.net\/nl\/sitemap\/","url":"https:\/\/pouey.definima.net\/nl\/sitemap\/","name":"Navigatie met sitemap | Pouey International","isPartOf":{"@id":"https:\/\/pouey.definima.net\/nl\/#website"},"datePublished":"2022-02-18T13:28:17+00:00","dateModified":"2024-11-07T16:15:33+00:00","description":"Navigeer gemakkelijk door onze site met onze sitemap. Alles wat je nodig hebt om te bladeren en de informatie te krijgen die je nodig hebt.","breadcrumb":{"@id":"https:\/\/pouey.definima.net\/nl\/sitemap\/#breadcrumb"},"inLanguage":"nl-NL","potentialAction":[{"@type":"ReadAction","target":["https:\/\/pouey.definima.net\/nl\/sitemap\/"]}]},{"@type":"BreadcrumbList","@id":"https:\/\/pouey.definima.net\/nl\/sitemap\/#breadcrumb","itemListElement":[{"@type":"ListItem","position":1,"name":"Home","item":"https:\/\/www.pouey.com\/nl\/"},{"@type":"ListItem","position":2,"name":"Sitemap"}]},{"@type":"WebSite","@id":"https:\/\/pouey.definima.net\/nl\/#website","url":"https:\/\/pouey.definima.net\/nl\/","name":"Pouey International","description":"Veilig vooruitkomen met Pouey International","publisher":{"@id":"https:\/\/pouey.definima.net\/nl\/#organization"},"alternateName":"Pouey","potentialAction":[{"@type":"SearchAction","target":{"@type":"EntryPoint","urlTemplate":"https:\/\/pouey.definima.net\/nl\/?s={search_term_string}"},"query-input":{"@type":"PropertyValueSpecification","valueRequired":true,"valueName":"search_term_string"}}],"inLanguage":"nl-NL"},{"@type":"Organization","@id":"https:\/\/pouey.definima.net\/nl\/#organization","name":"Pouey International","alternateName":"Pouey","url":"https:\/\/pouey.definima.net\/nl\/","logo":{"@type":"ImageObject","inLanguage":"nl-NL","@id":"https:\/\/pouey.definima.net\/nl\/#\/schema\/logo\/image\/","url":"https:\/\/www.pouey.com\/wp-content\/uploads\/2022\/01\/logo-pouey.svg","contentUrl":"https:\/\/www.pouey.com\/wp-content\/uploads\/2022\/01\/logo-pouey.svg","width":139,"height":107,"caption":"Pouey International"},"image":{"@id":"https:\/\/pouey.definima.net\/nl\/#\/schema\/logo\/image\/"},"sameAs":["https:\/\/www.facebook.com\/p\/Pouey-International-SA-100069749935977","https:\/\/x.com\/PoueyInt","https:\/\/www.linkedin.com\/company\/pouey-international\/"]}]}},"_links":{"self":[{"href":"https:\/\/pouey.definima.net\/nl\/wp-json\/wp\/v2\/pages\/3049","targetHints":{"allow":["GET"]}}],"collection":[{"href":"https:\/\/pouey.definima.net\/nl\/wp-json\/wp\/v2\/pages"}],"about":[{"href":"https:\/\/pouey.definima.net\/nl\/wp-json\/wp\/v2\/types\/page"}],"author":[{"embeddable":true,"href":"https:\/\/pouey.definima.net\/nl\/wp-json\/wp\/v2\/users\/1"}],"replies":[{"embeddable":true,"href":"https:\/\/pouey.definima.net\/nl\/wp-json\/wp\/v2\/comments?post=3049"}],"version-history":[{"count":1,"href":"https:\/\/pouey.definima.net\/nl\/wp-json\/wp\/v2\/pages\/3049\/revisions"}],"predecessor-version":[{"id":3050,"href":"https:\/\/pouey.definima.net\/nl\/wp-json\/wp\/v2\/pages\/3049\/revisions\/3050"}],"wp:attachment":[{"href":"https:\/\/pouey.definima.net\/nl\/wp-json\/wp\/v2\/media?parent=3049"}],"curies":[{"name":"wp","href":"https:\/\/api.w.org\/{rel}","templated":true}]}}