{"id":982,"date":"2022-01-19T15:11:57","date_gmt":"2022-01-19T14:11:57","guid":{"rendered":"https:\/\/www.pouey.com\/politica-di-riservatezza-e-dati-personali\/"},"modified":"2024-08-12T11:47:43","modified_gmt":"2024-08-12T09:47:43","slug":"politica-di-riservatezza-e-dati-personali","status":"publish","type":"page","link":"https:\/\/pouey.definima.net\/it\/politica-di-riservatezza-e-dati-personali\/","title":{"rendered":"Politica di Riservatezza e Dati Personali"},"content":{"rendered":"\n<p id=\"version-en-date-du-17-06-2019\">La invitiamo a leggere attentamente questo documento (di seguito, la \u201cPolitica di Riservatezza\u201d o le \u201cRegole di Riservatezza\u201d). Per qualsiasi questione relativa a questo documento e, in generale, alla raccolta e al trattamento dei Suoi dati personali da parte della societ\u00e0 <strong>Pouey International<\/strong>, non esiti a contattarci via e-mail al seguente indirizzo: <a href=\"mailto:conformite@pouey.com\">conformite@pouey.com<\/a> <\/p>\n\n<hr class=\"wp-block-separator has-css-opacity\"\/>\n\n<h2 class=\"wp-block-heading\" id=\"1-preambule-et-champ-d-application\">1. Preambolo e campo di applicazione<\/h2>\n\n<p><strong>Pouey International<\/strong>si preoccupa di preservare la riservatezza dei Suoi dati personali e attribuisce grande importanza alla protezione della privacy degli utenti dei suoi servizi.<\/p>\n\n<p>Lo scopo della Politica di Riservatezza \u00e8 definire le regole applicabili per la raccolta e il trattamento dei Suoi dati personali (di seguito, i &#8220;Dati Personali&#8221;) attraverso la nostra pagina di vendita online. Per Dati Personali si intendono tutte le informazioni relative a una persona fisica identificabile, direttamente o indirettamente, quali cognomi, nomi, indirizzi e-mail e indirizzi postali di una persona fisica, la sua immagine in una fotografia o in un video, un indirizzo IP, dati sulla posizione, targa, ecc. <\/p>\n\n<p>Le nostre Regole di Riservatezza descrivono in dettaglio i Dati Personali che raccogliamo ed elaboriamo attraverso la nostra pagina di vendita online, i motivi del trattamento dei Suoi Dati Personali, il modo in cui li utilizziamo e le funzionalit\u00e0 proposte per consentirle, in particolare, di accedere e aggiornare le Sue informazioni personali.<\/p>\n\n<p>La Politica di Riservatezza \u00e8 parte integrante delle Condizioni Generali d&#8217;uso e di vendita del sito www.pouey.com. Si applica agli utenti del nostro sito indipendentemente dalla loro categoria. <\/p>\n\n<p>Le nostre Regole di Riservatezza non si applicano ai servizi offerti da societ\u00e0 terze, che gestiscono dei siti web partner della societ\u00e0 <strong>Pouey International<\/strong>o altri siti web accessibili dai nostri servizi. Non siamo responsabili del modo in cui questi siti web utilizzano i Suoi dati personali. <\/p>\n\n<h2 class=\"wp-block-heading\" id=\"2-acceptation-et-mise-a-jour-de-nos-regles-de-confidentialite\">2. Accettazione e aggiornamento delle nostre Regole di Riservatezza<\/h2>\n\n<p>Utilizzando il sito web www.pouey.com, conferma di aver letto e accettato questo documento senza restrizioni o riserve. Nel caso in cui Lei non sia d\u2019accordo con nessuno dei suoi termini, pu\u00f2 interrompere liberamente l\u2019utilizzo dei nostri servizi. <\/p>\n\n<h2 class=\"wp-block-heading\" id=\"3-responsable-de-traitement-des-donnees-personnelles\">3. Responsabile del trattamento dei Dati Personali<\/h2>\n\n<p>Il trattamento dei Dati Personali \u00e8 soggetto al diritto francese, in particolare alla legge n.78-17 del 6 gennaio 1978 relativa all&#8217;informatica, ai file e alle libert\u00e0 nella sua versione modificata (denominata Legge dell&#8217;Informatica e delle Libert\u00e0), cos\u00ec come al Regolamento (UE) 2016\/679 del Parlamento Europeo e del Consiglio del 27 aprile 2016 applicabile dal 25 maggio 2018 (denominato RGPD).<\/p>\n\n<p>Come definito in detta legge, il \u201ctitolare del trattamento\u201d dei Dati Personali degli Utenti del sito web www.pouey.com \u00e8 Soci\u00e9t\u00e9 Pouey International \u2013 CIF 310 699 970 \u2013 13 rue du Docteur Lancereaux, 75008 Parigi \u2013 Francia. Il rappresentante del titolare del trattamento \u00e8 Marie-Victoire Galeyrand. <\/p>\n\n<p>In qualit\u00e0 di titolare del trattamento, ci impegniamo, nell&#8217;ambito delle nostre attivit\u00e0, a rispettare le disposizioni di detta legge e ad effettuare un trattamento lecito, equo e trasparente dei Suoi Dati Personali. In particolare, a trattare i dati per finalit\u00e0 determinate, esplicite e legittime, senza successivamente trattarli in modo incompatibile con tali finalit\u00e0, per un periodo non eccedente la durata necessaria alle finalit\u00e0 per le quali sono stati raccolti e trattati. <\/p>\n\n<h2 class=\"wp-block-heading\" id=\"4-categories-de-donnees-personnelles-collectees-et-traitees-via-le-site-www-nom-domaine-fr\">4. Categorie di Dati Personali raccolti e trattati attraverso il sito web www.pouey.com<\/h2>\n\n<h3 class=\"wp-block-heading\" id=\"a-donnees-personnelles-que-vous-communiquez-a-la-societe-nom-societe\">a) Dati personali che Lei comunica alla societ\u00e0 POUEY INTERNATIONAL<\/h3>\n\n<p>Raccogliamo Dati Personali dagli utenti che utilizzano il formulario di contatto e il formulario di richiesta e la valutazione dell\u2019importo assicurabile.<\/p>\n\n<p>Pertanto, il sito web www.pouey.com prevede la raccolta e il trattamento dei Suoi Dati Personali a seconda di come la utilizza. Pertanto, possiamo registrare il Suo cognome, nome, indirizzo e-mail, numero di telefono, indirizzo postale, ecc. Alcune informazioni sono necessarie per beneficiare dei nostri servizi (seguite da un asterisco) e altre informazioni sono facoltative, come nel formulario di contatto.  <\/p>\n\n<h3 class=\"wp-block-heading\" id=\"b-cookies\">b) Cookie<\/h3>\n\n<p>Un \u201ccookie\u201d \u00e8 un token di connessione che designa un file di testo che pu\u00f2 essere registrato in uno spazio specifico del disco rigido del Suo dispositivo (computer, tablet o smartphone) durante la consultazione di un servizio accessibile online. Un cookie consente al suo emittente di identificare il dispositivo su cui \u00e8 registrato, per tutto il periodo di validit\u00e0 o registrazione del cookie. Pertanto, il cookie non consente di identificarla personalmente; viene utilizzato per registrare le informazioni di navigazione sul sito Web www.pouey.com.  <\/p>\n\n<p>Durante le Sue visite al sito www.pouey.com, informazioni relative alla Sua navigazione possono essere registrate in file \u201ccookie\u201d installati sul Suo terminale, fatte salve le Sue scelte in merito ai cookie e che pu\u00f2 modificare in qualsiasi momento. Questi cookie consentono una navigazione personalizzata dell\u2019Utente e sono utilizzati anche per finalit\u00e0 analitiche (misurazioni dell\u2019audience). <\/p>\n\n<p>Non appena si collega al sito www.pouey.com, ricever\u00e0 un avviso dell\u2019esistenza dei cookie e del loro scopo attraverso un banner informativo situato nella parte inferiore o superiore del sito web.<\/p>\n\n<p>L&#8217;installazione e la lettura dei cookie sul Suo dispositivo richiede il Suo consenso previo, cliccando su &#8220;Accetto&#8221;. Tuttavia, pu\u00f2 impostare il Suo browser in modo che rifiuti i cookie o personalizzare le impostazioni dei cookie seguendo una delle seguenti procedure. Se accetta l&#8217;uso dei cookie, il Suo consenso durer\u00e0 13 mesi. Successivamente, sar\u00e0 necessario rinnovare il consenso.   <\/p>\n\n<p>\u2013 Per Mozilla Firefox: accedere al menu \u201cStrumenti\u201d e poi \u201cOpzioni\u201d. Fare clic sull&#8217;icona &#8220;Privacy&#8221;. Nel menu &#8220;cookie&#8221;, selezionare le opzioni desiderate.<\/p>\n\n<p>\u2013 Per Microsoft Internet Explorer 6.0 e versioni successive: accedere al menu &#8220;Strumenti&#8221;, quindi &#8220;Opzioni Internet&#8221;. Fare clic sulla scheda &#8220;Riservatezza&#8221; e selezionare il livello desiderato.<\/p>\n\n<p>\u2013 Per Opera 6.0 e versioni successive: accedere su \u201cFile\u201d &gt; \u201cPreferenze\u201d &gt; \u201cPrivacy\u201d e selezionare le opzioni desiderate.<\/p>\n\n<p>\u2013 Per Safari: accedere al menu Safari, \u201cPreferenze\u201d &gt; \u201cSicurezza\u201d e selezionare le opzioni desiderate.<\/p>\n\n<p>In caso di rifiuto dei cookie o di cancellazione di quelli registrati, La informiamo che non potr\u00e0 pi\u00f9 beneficiare di alcune funzionalit\u00e0 necessarie per navigare in determinati spazi del nostro sito. Nel Suo caso, non ci assumiamo alcuna responsabilit\u00e0 per le conseguenze legate ad un peggioramento del funzionamento dei nostri servizi derivanti dall\u2019impossibilit\u00e0, per noi, di registrare o consultare i cookie necessari al loro funzionamento che lei ha rifiutato o eliminato. Infine, \u00e8 necessario distinguere tra i cookie che emettiamo sul nostro sito web www.pouey.com e quelli emessi da terzi. Al riguardo, si informa che, in alcune occasioni, alcuni cookie possono essere installati da terzi su alcuni siti di www.pouey.com (inserzionisti o altri). La informiamo che non abbiamo alcun controllo sull\u2019utilizzo dei cookie da parte di terzi.    <\/p>\n\n<h2 class=\"wp-block-heading\" id=\"5-conditions-d-utilisation-des-donnees-personnelles\">5. Condizioni di utilizzo dei Dati Personali<\/h2>\n\n<h3 class=\"wp-block-heading\" id=\"a-finalites-de-la-collecte-et-du-traitement-de-vos-donnees-personnelles\"><a><\/a>a) Finalit\u00e0 della raccolta e del trattamento dei Suoi Dati Personali<\/h3>\n\n<p>I Dati Personali degli Utenti saranno raccolti e trattati solo per le finalit\u00e0 definite nel presente articolo, in particolare:<\/p>\n\n<ol class=\"wp-block-list\" type=\"1\">\n<li>Fornire e gestire i nostri servizi.<\/li>\n\n\n\n<li>Comunicare con gli Utenti e migliorare la qualit\u00e0 dei nostri servizi; cio\u00e8 rispondere alle Sue domande e informarLa delle nostre novit\u00e0.<\/li>\n\n\n\n<li>Risolvere ogni possibile controversia o risolvere qualsiasi problema nell&#8217;ambito dell&#8217;utilizzo dei nostri servizi.<\/li>\n\n\n\n<li>La generazione di report e studi statistici basati su dati anonimi.<\/li>\n<\/ol>\n\n<p>Qualsiasi utilizzo dei Dati Personali per uno scopo diverso da quelli sopra indicati nella nostra Politica di Riservatezza e Protezione dei Dati richieder\u00e0 il Suo previo consenso.<\/p>\n\n<p>La base legittima che consente la raccolta dei Suoi Dati Personali per le suddette finalit\u00e0 \u00e8 il Suo consenso, come previsto dall&#8217;articolo 6-1-a del Regolamento Europeo in materia di protezione dei dati personali. Ci\u00f2 costituisce la manifestazione della volont\u00e0 libera, specifica, chiara ed inequivocabile con la quale Lei accetta, attraverso l&#8217;atto di accettazione della presente Politica di Riservatezza e Protezione dei Dati, che i Suoi Dati Personali siano oggetto di trattamento. <\/p>\n\n<p>Come previsto dall&#8217;articolo 7 del RGPD, Lei potr\u00e0 revocare il Suo consenso in qualsiasi momento, senza che ci\u00f2 pregiudichi la liceit\u00e0 del trattamento basata sul consenso prima della revoca.<\/p>\n\n<h3 class=\"wp-block-heading\" id=\"b-duree-de-conservation-de-vos-donnees-personnelles\">b) Periodo di conservazione dei Suoi Dati Personali<\/h3>\n\n<p>Ci impegniamo a conservare i Suoi Dati Personali solo per il periodo strettamente necessario al\/i trattamento\/i dichiarato\/i secondo le finalit\u00e0 sopra indicate e, comunque, nei limiti imposti dalla legge. Inoltre, a seconda del tipo di Dati Personali, il periodo di conservazione pu\u00f2 variare da alcuni giorni a diversi anni. <\/p>\n\n<p>In ogni caso, ci impegniamo a cancellare i Suoi Dati Personali dai nostri database dopo la scadenza di detti termini.<\/p>\n\n<p>Tuttavia, potremmo conservare determinate informazioni per un periodo successivo al fine di ottemperare ai nostri obblighi legali, contabili e fiscali. In questo caso i Suoi dati saranno disattivati e non saranno pi\u00f9 accessibili online. <\/p>\n\n<h2 class=\"wp-block-heading\" id=\"6-partage-d-informations-avec-des-tiers\">6. Condivisione di informazioni con terze parti<\/h2>\n\n<h3 class=\"wp-block-heading\" id=\"a-absence-de-communication-au-tiers\"><a><\/a>a) Assenza di comunicazione a terzi<\/h3>\n\n<p>Ci impegniamo a non divulgare le Sue informazioni e i Suoi Dati Personali a terzi. Tali informazioni e Dati Personali saranno utilizzati esclusivamente dalle nostre funzioni interne e non saranno in nessun caso ceduti a terzi senza il Suo consenso previo espresso. <\/p>\n\n<h3 class=\"wp-block-heading\" id=\"b-communication-pour-des-besoins-de-traitement-externe\">b) Comunicazione per esigenze di trattamento esterno<\/h3>\n\n<p>Le Sue informazioni e i Suoi Dati Personali potrebbero, ove opportuno, essere trasmessi a terzi subappaltatori coinvolti nella fornitura dei nostri servizi (fornitori tecnici e di web hosting, sondaggi monitoraggio dei clienti e sondaggi sul livello di soddisfazione, gestione di incidenti di sicurezza o attivit\u00e0 fraudolente, ecc.).<\/p>\n\n<p>La societ\u00e0 <strong>Pouey International<\/strong>si impegna a comunicare le Sue informazioni e i Suoi Dati Personali solo a fornitori autorizzati e di fiducia, che li tratteranno da soli, secondo le nostre istruzioni e in conformit\u00e0 con le presenti Regole di Riservatezza e rispettando ogni altra misura di sicurezza e riservatezza appropriata.<\/p>\n\n<h3 class=\"wp-block-heading\" id=\"c-communication-pour-des-raisons-d-ordre-juridique-et-legale\">c) Comunicazione per motivi legali<\/h3>\n\n<p>Inoltre, le tue informazioni e i tuoi dati personali potrebbero essere divulgati a terzi se <strong>Pouey International<\/strong> \u00e8 tenuta a farlo per legge, una disposizione regolamentare o un ordine del tribunale, o se tale divulgazione \u00e8 resa necessaria ai fini di un&#8217;indagine, un&#8217;ingiunzione o procedimento giudiziario, sul territorio nazionale o all&#8217;estero.<\/p>\n\n<p>Inoltre, potremmo aver bisogno di condividere le Sue informazioni e i Suoi Dati Personali con aziende, consulenti e terze parti al fine di:<\/p>\n\n<p>\u2013 che venga applicata l\u2019attuale Privacy Policy del sito www.pouey.com, anche per verificarne eventuali violazioni;<\/p>\n\n<p>\u2013 difendersi da qualsiasi attacco ai diritti, alla propriet\u00e0 o alla sicurezza della societ\u00e0 <strong>Pouey International<\/strong>e dei suoi utenti, in conformit\u00e0 con la legge.<\/p>\n\n<h3 class=\"wp-block-heading\" id=\"d-transfert-des-donnees-en-dehors-de-l-union-europeenne\"><a><\/a>d) Trasferimento di dati al di fuori dell&#8217;Unione Europea<\/h3>\n\n<p>Non trasferiremo alcun Dato Personale dei nostri Utenti al di fuori dell&#8217;Unione Europea.<\/p>\n\n<h2 class=\"wp-block-heading\" id=\"7-securite-des-donnees-personnelles\">7. Sicurezza dei Dati Personali<\/h2>\n\n<p>Attuiamo tutte le misure di sicurezza necessarie per proteggere i Suoi Dati Personali da qualsiasi accesso non autorizzato e divulgazione, modifica, deterioramento o distruzione dei dati in nostro possesso.<\/p>\n\n<p>A tal fine, la societ\u00e0 <strong>Pouey International<\/strong>e i suoi fornitori tecnici e di web hosting hanno implementato le misure appropriate per garantire l&#8217;integrit\u00e0, la riservatezza e la sicurezza dei Suoi Dati Personali. Tuttavia, non possiamo garantire che le Sue comunicazioni e altri Dati Personali non vengano intercettati o divulgati da terze parti. <\/p>\n\n<p>La informiamo che i Suoi Dati Personali saranno conservati su server ubicati nell&#8217;Unione Europea.<\/p>\n\n<h2 class=\"wp-block-heading\" id=\"8-respect-des-droits-des-utilisateurs-du-site-www-nom-domaine-fr\">8. Rispetto dei diritti degli Utenti del sito www.pouey.com<\/h2>\n\n<p>Potr\u00e0 esercitare il Suo diritto all&#8217;informazione e all&#8217;accesso (ad esempio, verificare i dati che conserviamo su di Lei), diritto di rettifica e cancellazione (aggiornare o correggere i Suoi dati), diritto di limitare il trattamento dei dati personali, diritto alla portabilit\u00e0, diritto di opposizione e diritto di cancellazione (ad esempio, chiusura del proprio account personale) dei Suoi Dati Personali, nonch\u00e9 diritto a non essere oggetto di una decisione individuale automatizzata, compresa la profilazione.<\/p>\n\n<p>Inoltre, si specifica che tali diritti le consentono di modificare in qualsiasi momento le Sue preferenze di notifica, accettando o rifiutando che i Suoi Dati Personali vengano utilizzati nell&#8217;ambito delle nostre azioni di marketing o promozionali.<\/p>\n\n<p>Potr\u00e0 esercitare tali diritti in qualsiasi momento, utilizzando una delle due seguenti modalit\u00e0:<\/p>\n\n<p>\u2013 Per posta all&#8217;indirizzo indicato nella sezione 3 di cui sopra.<\/p>\n\n<p>\u2013 Per e-mail a <a href=\"mailto:conformite@pouey.com\">conformite@pouey.com<\/a><\/p>\n\n<p>Qualora eserciti tali diritti, cercheremo di rispondere alle Sue richieste nel pi\u00f9 breve tempo possibile, entro il limite massimo di un mese previsto dalla legge, senza incorrere in spese, salvo eventuale abuso di diritto. In questo caso, prima di esercitare tale diritto, potremmo richiedere qualsiasi prova della Sua identit\u00e0 al fine di verificare che Lei abbia il diritto di avanzare tale richiesta. <\/p>\n\n<p>In caso di opposizione o disaccordo, avr\u00e0 il diritto di presentare un reclamo a un organo di controllo.<\/p>\n","protected":false},"excerpt":{"rendered":"<p>La invitiamo a leggere attentamente questo documento (di seguito, la \u201cPolitica di Riservatezza\u201d o le \u201cRegole di Riservatezza\u201d). Per qualsiasi questione relativa a questo documento e, in generale, alla raccolta e al trattamento dei Suoi dati personali da parte della societ\u00e0 Pouey International, non esiti a contattarci via e-mail al seguente indirizzo: conformite@pouey.com 1. Preambolo&hellip; <a class=\"more-link\" href=\"https:\/\/pouey.definima.net\/it\/politica-di-riservatezza-e-dati-personali\/\">Continua a leggere <span class=\"screen-reader-text\">Politica di Riservatezza e Dati Personali<\/span><\/a><\/p>\n","protected":false},"author":1,"featured_media":0,"parent":0,"menu_order":0,"comment_status":"closed","ping_status":"closed","template":"","meta":{"content-type":"","inline_featured_image":false,"footnotes":""},"class_list":["post-982","page","type-page","status-publish","hentry","entry"],"acf":[],"yoast_head":"<!-- This site is optimized with the Yoast SEO plugin v27.4 - https:\/\/yoast.com\/product\/yoast-seo-wordpress\/ -->\n<title>Politica di Riservatezza e Dati Personali | Pouey International<\/title>\n<meta name=\"description\" content=\"Consultate la nostra politica sulla privacy e le informazioni sui vostri dati personali. Per ulteriori informazioni: conformite@pouey.com\" \/>\n<meta name=\"robots\" content=\"noindex, follow, max-snippet:-1, max-image-preview:large, max-video-preview:-1\" \/>\n<meta property=\"og:locale\" content=\"it_IT\" \/>\n<meta property=\"og:type\" content=\"article\" \/>\n<meta property=\"og:title\" content=\"Politica di Riservatezza e Dati Personali | Pouey International\" \/>\n<meta property=\"og:description\" content=\"Consultate la nostra politica sulla privacy e le informazioni sui vostri dati personali. Per ulteriori informazioni: conformite@pouey.com\" \/>\n<meta property=\"og:url\" content=\"https:\/\/pouey.definima.net\/it\/politica-di-riservatezza-e-dati-personali\/\" \/>\n<meta property=\"og:site_name\" content=\"Pouey International\" \/>\n<meta property=\"article:publisher\" content=\"https:\/\/www.facebook.com\/p\/Pouey-International-SA-100069749935977\" \/>\n<meta property=\"article:modified_time\" content=\"2024-08-12T09:47:43+00:00\" \/>\n<meta name=\"twitter:card\" content=\"summary_large_image\" \/>\n<meta name=\"twitter:site\" content=\"@PoueyInt\" \/>\n<meta name=\"twitter:label1\" content=\"Tempo di lettura stimato\" \/>\n\t<meta name=\"twitter:data1\" content=\"11 minuti\" \/>\n<script type=\"application\/ld+json\" class=\"yoast-schema-graph\">{\"@context\":\"https:\\\/\\\/schema.org\",\"@graph\":[{\"@type\":\"WebPage\",\"@id\":\"https:\\\/\\\/pouey.definima.net\\\/it\\\/politica-di-riservatezza-e-dati-personali\\\/\",\"url\":\"https:\\\/\\\/pouey.definima.net\\\/it\\\/politica-di-riservatezza-e-dati-personali\\\/\",\"name\":\"Politica di Riservatezza e Dati Personali | Pouey International\",\"isPartOf\":{\"@id\":\"https:\\\/\\\/pouey.definima.net\\\/it\\\/#website\"},\"datePublished\":\"2022-01-19T14:11:57+00:00\",\"dateModified\":\"2024-08-12T09:47:43+00:00\",\"description\":\"Consultate la nostra politica sulla privacy e le informazioni sui vostri dati personali. Per ulteriori informazioni: conformite@pouey.com\",\"breadcrumb\":{\"@id\":\"https:\\\/\\\/pouey.definima.net\\\/it\\\/politica-di-riservatezza-e-dati-personali\\\/#breadcrumb\"},\"inLanguage\":\"it-IT\",\"potentialAction\":[{\"@type\":\"ReadAction\",\"target\":[\"https:\\\/\\\/pouey.definima.net\\\/it\\\/politica-di-riservatezza-e-dati-personali\\\/\"]}]},{\"@type\":\"BreadcrumbList\",\"@id\":\"https:\\\/\\\/pouey.definima.net\\\/it\\\/politica-di-riservatezza-e-dati-personali\\\/#breadcrumb\",\"itemListElement\":[{\"@type\":\"ListItem\",\"position\":1,\"name\":\"Home\",\"item\":\"https:\\\/\\\/www.pouey.com\\\/it\\\/\"},{\"@type\":\"ListItem\",\"position\":2,\"name\":\"Politica di Riservatezza e Dati Personali\"}]},{\"@type\":\"WebSite\",\"@id\":\"https:\\\/\\\/pouey.definima.net\\\/it\\\/#website\",\"url\":\"https:\\\/\\\/pouey.definima.net\\\/it\\\/\",\"name\":\"Pouey International\",\"description\":\"Avanza in sicurezza con Pouey International\",\"publisher\":{\"@id\":\"https:\\\/\\\/pouey.definima.net\\\/it\\\/#organization\"},\"alternateName\":\"Pouey\",\"potentialAction\":[{\"@type\":\"SearchAction\",\"target\":{\"@type\":\"EntryPoint\",\"urlTemplate\":\"https:\\\/\\\/pouey.definima.net\\\/it\\\/?s={search_term_string}\"},\"query-input\":{\"@type\":\"PropertyValueSpecification\",\"valueRequired\":true,\"valueName\":\"search_term_string\"}}],\"inLanguage\":\"it-IT\"},{\"@type\":\"Organization\",\"@id\":\"https:\\\/\\\/pouey.definima.net\\\/it\\\/#organization\",\"name\":\"Pouey International\",\"alternateName\":\"Pouey\",\"url\":\"https:\\\/\\\/pouey.definima.net\\\/it\\\/\",\"logo\":{\"@type\":\"ImageObject\",\"inLanguage\":\"it-IT\",\"@id\":\"https:\\\/\\\/pouey.definima.net\\\/it\\\/#\\\/schema\\\/logo\\\/image\\\/\",\"url\":\"https:\\\/\\\/www.pouey.com\\\/wp-content\\\/uploads\\\/2022\\\/01\\\/logo-pouey.svg\",\"contentUrl\":\"https:\\\/\\\/www.pouey.com\\\/wp-content\\\/uploads\\\/2022\\\/01\\\/logo-pouey.svg\",\"width\":139,\"height\":107,\"caption\":\"Pouey International\"},\"image\":{\"@id\":\"https:\\\/\\\/pouey.definima.net\\\/it\\\/#\\\/schema\\\/logo\\\/image\\\/\"},\"sameAs\":[\"https:\\\/\\\/www.facebook.com\\\/p\\\/Pouey-International-SA-100069749935977\",\"https:\\\/\\\/x.com\\\/PoueyInt\",\"https:\\\/\\\/www.linkedin.com\\\/company\\\/pouey-international\\\/\"]}]}<\/script>\n<!-- \/ Yoast SEO plugin. -->","yoast_head_json":{"title":"Politica di Riservatezza e Dati Personali | Pouey International","description":"Consultate la nostra politica sulla privacy e le informazioni sui vostri dati personali. Per ulteriori informazioni: conformite@pouey.com","robots":{"index":"noindex","follow":"follow","max-snippet":"max-snippet:-1","max-image-preview":"max-image-preview:large","max-video-preview":"max-video-preview:-1"},"og_locale":"it_IT","og_type":"article","og_title":"Politica di Riservatezza e Dati Personali | Pouey International","og_description":"Consultate la nostra politica sulla privacy e le informazioni sui vostri dati personali. Per ulteriori informazioni: conformite@pouey.com","og_url":"https:\/\/pouey.definima.net\/it\/politica-di-riservatezza-e-dati-personali\/","og_site_name":"Pouey International","article_publisher":"https:\/\/www.facebook.com\/p\/Pouey-International-SA-100069749935977","article_modified_time":"2024-08-12T09:47:43+00:00","twitter_card":"summary_large_image","twitter_site":"@PoueyInt","twitter_misc":{"Tempo di lettura stimato":"11 minuti"},"schema":{"@context":"https:\/\/schema.org","@graph":[{"@type":"WebPage","@id":"https:\/\/pouey.definima.net\/it\/politica-di-riservatezza-e-dati-personali\/","url":"https:\/\/pouey.definima.net\/it\/politica-di-riservatezza-e-dati-personali\/","name":"Politica di Riservatezza e Dati Personali | Pouey International","isPartOf":{"@id":"https:\/\/pouey.definima.net\/it\/#website"},"datePublished":"2022-01-19T14:11:57+00:00","dateModified":"2024-08-12T09:47:43+00:00","description":"Consultate la nostra politica sulla privacy e le informazioni sui vostri dati personali. Per ulteriori informazioni: conformite@pouey.com","breadcrumb":{"@id":"https:\/\/pouey.definima.net\/it\/politica-di-riservatezza-e-dati-personali\/#breadcrumb"},"inLanguage":"it-IT","potentialAction":[{"@type":"ReadAction","target":["https:\/\/pouey.definima.net\/it\/politica-di-riservatezza-e-dati-personali\/"]}]},{"@type":"BreadcrumbList","@id":"https:\/\/pouey.definima.net\/it\/politica-di-riservatezza-e-dati-personali\/#breadcrumb","itemListElement":[{"@type":"ListItem","position":1,"name":"Home","item":"https:\/\/www.pouey.com\/it\/"},{"@type":"ListItem","position":2,"name":"Politica di Riservatezza e Dati Personali"}]},{"@type":"WebSite","@id":"https:\/\/pouey.definima.net\/it\/#website","url":"https:\/\/pouey.definima.net\/it\/","name":"Pouey International","description":"Avanza in sicurezza con Pouey International","publisher":{"@id":"https:\/\/pouey.definima.net\/it\/#organization"},"alternateName":"Pouey","potentialAction":[{"@type":"SearchAction","target":{"@type":"EntryPoint","urlTemplate":"https:\/\/pouey.definima.net\/it\/?s={search_term_string}"},"query-input":{"@type":"PropertyValueSpecification","valueRequired":true,"valueName":"search_term_string"}}],"inLanguage":"it-IT"},{"@type":"Organization","@id":"https:\/\/pouey.definima.net\/it\/#organization","name":"Pouey International","alternateName":"Pouey","url":"https:\/\/pouey.definima.net\/it\/","logo":{"@type":"ImageObject","inLanguage":"it-IT","@id":"https:\/\/pouey.definima.net\/it\/#\/schema\/logo\/image\/","url":"https:\/\/www.pouey.com\/wp-content\/uploads\/2022\/01\/logo-pouey.svg","contentUrl":"https:\/\/www.pouey.com\/wp-content\/uploads\/2022\/01\/logo-pouey.svg","width":139,"height":107,"caption":"Pouey International"},"image":{"@id":"https:\/\/pouey.definima.net\/it\/#\/schema\/logo\/image\/"},"sameAs":["https:\/\/www.facebook.com\/p\/Pouey-International-SA-100069749935977","https:\/\/x.com\/PoueyInt","https:\/\/www.linkedin.com\/company\/pouey-international\/"]}]}},"_links":{"self":[{"href":"https:\/\/pouey.definima.net\/it\/wp-json\/wp\/v2\/pages\/982","targetHints":{"allow":["GET"]}}],"collection":[{"href":"https:\/\/pouey.definima.net\/it\/wp-json\/wp\/v2\/pages"}],"about":[{"href":"https:\/\/pouey.definima.net\/it\/wp-json\/wp\/v2\/types\/page"}],"author":[{"embeddable":true,"href":"https:\/\/pouey.definima.net\/it\/wp-json\/wp\/v2\/users\/1"}],"replies":[{"embeddable":true,"href":"https:\/\/pouey.definima.net\/it\/wp-json\/wp\/v2\/comments?post=982"}],"version-history":[{"count":8,"href":"https:\/\/pouey.definima.net\/it\/wp-json\/wp\/v2\/pages\/982\/revisions"}],"predecessor-version":[{"id":3066,"href":"https:\/\/pouey.definima.net\/it\/wp-json\/wp\/v2\/pages\/982\/revisions\/3066"}],"wp:attachment":[{"href":"https:\/\/pouey.definima.net\/it\/wp-json\/wp\/v2\/media?parent=982"}],"curies":[{"name":"wp","href":"https:\/\/api.w.org\/{rel}","templated":true}]}}