{"id":966,"date":"2022-01-19T15:11:57","date_gmt":"2022-01-19T14:11:57","guid":{"rendered":"https:\/\/www.pouey.com\/inicio\/"},"modified":"2022-08-16T10:34:28","modified_gmt":"2022-08-16T08:34:28","slug":"inicio","status":"publish","type":"page","link":"https:\/\/pouey.definima.net\/es\/","title":{"rendered":"Inicio"},"content":{"rendered":"","protected":false},"excerpt":{"rendered":"","protected":false},"author":1,"featured_media":473,"parent":0,"menu_order":0,"comment_status":"closed","ping_status":"closed","template":"template-accueil.php","meta":{"content-type":"","inline_featured_image":false,"footnotes":""},"class_list":["post-966","page","type-page","status-publish","has-post-thumbnail","hentry","entry"],"acf":[],"yoast_head":"<!-- This site is optimized with the Yoast SEO plugin v27.4 - https:\/\/yoast.com\/product\/yoast-seo-wordpress\/ -->\n<title>Pouey, gesti\u00f3n de riesgos de clientes y proveedores<\/title>\n<meta name=\"description\" content=\"Servicios de gesti\u00f3n de riesgos de Pouey: inteligencia comercial y financiera, seguro de clientes, financiaci\u00f3n de facturas, cobro y seguimiento de deudas.\" \/>\n<meta name=\"robots\" content=\"noindex, follow, max-snippet:-1, max-image-preview:large, max-video-preview:-1\" \/>\n<meta property=\"og:locale\" content=\"es_ES\" \/>\n<meta property=\"og:type\" content=\"article\" \/>\n<meta property=\"og:title\" content=\"Pouey, gesti\u00f3n de riesgos de clientes y proveedores\" \/>\n<meta property=\"og:description\" content=\"Servicios de gesti\u00f3n de riesgos de Pouey: inteligencia comercial y financiera, seguro de clientes, financiaci\u00f3n de facturas, cobro y seguimiento de deudas.\" \/>\n<meta property=\"og:url\" content=\"https:\/\/pouey.definima.net\/es\/\" \/>\n<meta property=\"og:site_name\" content=\"Pouey International\" \/>\n<meta property=\"article:publisher\" content=\"https:\/\/www.facebook.com\/p\/Pouey-International-SA-100069749935977\" \/>\n<meta property=\"article:modified_time\" content=\"2022-08-16T08:34:28+00:00\" \/>\n<meta property=\"og:image\" content=\"https:\/\/pouey.definima.net\/wp-content\/uploads\/2022\/02\/hero.jpg\" \/>\n\t<meta property=\"og:image:width\" content=\"1170\" \/>\n\t<meta property=\"og:image:height\" content=\"780\" \/>\n\t<meta property=\"og:image:type\" content=\"image\/jpeg\" \/>\n<meta name=\"twitter:card\" content=\"summary_large_image\" \/>\n<meta name=\"twitter:site\" content=\"@PoueyInt\" \/>\n<script type=\"application\/ld+json\" class=\"yoast-schema-graph\">{\"@context\":\"https:\\\/\\\/schema.org\",\"@graph\":[{\"@type\":\"WebPage\",\"@id\":\"https:\\\/\\\/pouey.definima.net\\\/es\\\/\",\"url\":\"https:\\\/\\\/pouey.definima.net\\\/es\\\/\",\"name\":\"Pouey, gesti\u00f3n de riesgos de clientes y proveedores\",\"isPartOf\":{\"@id\":\"https:\\\/\\\/pouey.definima.net\\\/es\\\/#website\"},\"primaryImageOfPage\":{\"@id\":\"https:\\\/\\\/pouey.definima.net\\\/es\\\/#primaryimage\"},\"image\":{\"@id\":\"https:\\\/\\\/pouey.definima.net\\\/es\\\/#primaryimage\"},\"thumbnailUrl\":\"https:\\\/\\\/pouey.definima.net\\\/wp-content\\\/uploads\\\/2022\\\/02\\\/hero.jpg\",\"datePublished\":\"2022-01-19T14:11:57+00:00\",\"dateModified\":\"2022-08-16T08:34:28+00:00\",\"description\":\"Servicios de gesti\u00f3n de riesgos de Pouey: inteligencia comercial y financiera, seguro de clientes, financiaci\u00f3n de facturas, cobro y seguimiento de deudas.\",\"breadcrumb\":{\"@id\":\"https:\\\/\\\/pouey.definima.net\\\/es\\\/#breadcrumb\"},\"inLanguage\":\"es\",\"potentialAction\":[{\"@type\":\"ReadAction\",\"target\":[\"https:\\\/\\\/pouey.definima.net\\\/es\\\/\"]}]},{\"@type\":\"ImageObject\",\"inLanguage\":\"es\",\"@id\":\"https:\\\/\\\/pouey.definima.net\\\/es\\\/#primaryimage\",\"url\":\"https:\\\/\\\/pouey.definima.net\\\/wp-content\\\/uploads\\\/2022\\\/02\\\/hero.jpg\",\"contentUrl\":\"https:\\\/\\\/pouey.definima.net\\\/wp-content\\\/uploads\\\/2022\\\/02\\\/hero.jpg\",\"width\":1170,\"height\":780,\"caption\":\"Pouey gestion risque client fournisseur\"},{\"@type\":\"BreadcrumbList\",\"@id\":\"https:\\\/\\\/pouey.definima.net\\\/es\\\/#breadcrumb\",\"itemListElement\":[{\"@type\":\"ListItem\",\"position\":1,\"name\":\"Home\",\"item\":\"https:\\\/\\\/www.pouey.com\\\/es\\\/\"},{\"@type\":\"ListItem\",\"position\":2,\"name\":\"Inicio\"}]},{\"@type\":\"WebSite\",\"@id\":\"https:\\\/\\\/pouey.definima.net\\\/es\\\/#website\",\"url\":\"https:\\\/\\\/pouey.definima.net\\\/es\\\/\",\"name\":\"Pouey International\",\"description\":\"Avance seguro con Pouey International\",\"publisher\":{\"@id\":\"https:\\\/\\\/pouey.definima.net\\\/es\\\/#organization\"},\"alternateName\":\"Pouey\",\"potentialAction\":[{\"@type\":\"SearchAction\",\"target\":{\"@type\":\"EntryPoint\",\"urlTemplate\":\"https:\\\/\\\/pouey.definima.net\\\/es\\\/?s={search_term_string}\"},\"query-input\":{\"@type\":\"PropertyValueSpecification\",\"valueRequired\":true,\"valueName\":\"search_term_string\"}}],\"inLanguage\":\"es\"},{\"@type\":\"Organization\",\"@id\":\"https:\\\/\\\/pouey.definima.net\\\/es\\\/#organization\",\"name\":\"Pouey International\",\"alternateName\":\"Pouey\",\"url\":\"https:\\\/\\\/pouey.definima.net\\\/es\\\/\",\"logo\":{\"@type\":\"ImageObject\",\"inLanguage\":\"es\",\"@id\":\"https:\\\/\\\/pouey.definima.net\\\/es\\\/#\\\/schema\\\/logo\\\/image\\\/\",\"url\":\"https:\\\/\\\/www.pouey.com\\\/wp-content\\\/uploads\\\/2022\\\/01\\\/logo-pouey.svg\",\"contentUrl\":\"https:\\\/\\\/www.pouey.com\\\/wp-content\\\/uploads\\\/2022\\\/01\\\/logo-pouey.svg\",\"width\":139,\"height\":107,\"caption\":\"Pouey International\"},\"image\":{\"@id\":\"https:\\\/\\\/pouey.definima.net\\\/es\\\/#\\\/schema\\\/logo\\\/image\\\/\"},\"sameAs\":[\"https:\\\/\\\/www.facebook.com\\\/p\\\/Pouey-International-SA-100069749935977\",\"https:\\\/\\\/x.com\\\/PoueyInt\",\"https:\\\/\\\/www.linkedin.com\\\/company\\\/pouey-international\\\/\"]}]}<\/script>\n<!-- \/ Yoast SEO plugin. -->","yoast_head_json":{"title":"Pouey, gesti\u00f3n de riesgos de clientes y proveedores","description":"Servicios de gesti\u00f3n de riesgos de Pouey: inteligencia comercial y financiera, seguro de clientes, financiaci\u00f3n de facturas, cobro y seguimiento de deudas.","robots":{"index":"noindex","follow":"follow","max-snippet":"max-snippet:-1","max-image-preview":"max-image-preview:large","max-video-preview":"max-video-preview:-1"},"og_locale":"es_ES","og_type":"article","og_title":"Pouey, gesti\u00f3n de riesgos de clientes y proveedores","og_description":"Servicios de gesti\u00f3n de riesgos de Pouey: inteligencia comercial y financiera, seguro de clientes, financiaci\u00f3n de facturas, cobro y seguimiento de deudas.","og_url":"https:\/\/pouey.definima.net\/es\/","og_site_name":"Pouey International","article_publisher":"https:\/\/www.facebook.com\/p\/Pouey-International-SA-100069749935977","article_modified_time":"2022-08-16T08:34:28+00:00","og_image":[{"width":1170,"height":780,"url":"https:\/\/pouey.definima.net\/wp-content\/uploads\/2022\/02\/hero.jpg","type":"image\/jpeg"}],"twitter_card":"summary_large_image","twitter_site":"@PoueyInt","schema":{"@context":"https:\/\/schema.org","@graph":[{"@type":"WebPage","@id":"https:\/\/pouey.definima.net\/es\/","url":"https:\/\/pouey.definima.net\/es\/","name":"Pouey, gesti\u00f3n de riesgos de clientes y proveedores","isPartOf":{"@id":"https:\/\/pouey.definima.net\/es\/#website"},"primaryImageOfPage":{"@id":"https:\/\/pouey.definima.net\/es\/#primaryimage"},"image":{"@id":"https:\/\/pouey.definima.net\/es\/#primaryimage"},"thumbnailUrl":"https:\/\/pouey.definima.net\/wp-content\/uploads\/2022\/02\/hero.jpg","datePublished":"2022-01-19T14:11:57+00:00","dateModified":"2022-08-16T08:34:28+00:00","description":"Servicios de gesti\u00f3n de riesgos de Pouey: inteligencia comercial y financiera, seguro de clientes, financiaci\u00f3n de facturas, cobro y seguimiento de deudas.","breadcrumb":{"@id":"https:\/\/pouey.definima.net\/es\/#breadcrumb"},"inLanguage":"es","potentialAction":[{"@type":"ReadAction","target":["https:\/\/pouey.definima.net\/es\/"]}]},{"@type":"ImageObject","inLanguage":"es","@id":"https:\/\/pouey.definima.net\/es\/#primaryimage","url":"https:\/\/pouey.definima.net\/wp-content\/uploads\/2022\/02\/hero.jpg","contentUrl":"https:\/\/pouey.definima.net\/wp-content\/uploads\/2022\/02\/hero.jpg","width":1170,"height":780,"caption":"Pouey gestion risque client fournisseur"},{"@type":"BreadcrumbList","@id":"https:\/\/pouey.definima.net\/es\/#breadcrumb","itemListElement":[{"@type":"ListItem","position":1,"name":"Home","item":"https:\/\/www.pouey.com\/es\/"},{"@type":"ListItem","position":2,"name":"Inicio"}]},{"@type":"WebSite","@id":"https:\/\/pouey.definima.net\/es\/#website","url":"https:\/\/pouey.definima.net\/es\/","name":"Pouey International","description":"Avance seguro con Pouey International","publisher":{"@id":"https:\/\/pouey.definima.net\/es\/#organization"},"alternateName":"Pouey","potentialAction":[{"@type":"SearchAction","target":{"@type":"EntryPoint","urlTemplate":"https:\/\/pouey.definima.net\/es\/?s={search_term_string}"},"query-input":{"@type":"PropertyValueSpecification","valueRequired":true,"valueName":"search_term_string"}}],"inLanguage":"es"},{"@type":"Organization","@id":"https:\/\/pouey.definima.net\/es\/#organization","name":"Pouey International","alternateName":"Pouey","url":"https:\/\/pouey.definima.net\/es\/","logo":{"@type":"ImageObject","inLanguage":"es","@id":"https:\/\/pouey.definima.net\/es\/#\/schema\/logo\/image\/","url":"https:\/\/www.pouey.com\/wp-content\/uploads\/2022\/01\/logo-pouey.svg","contentUrl":"https:\/\/www.pouey.com\/wp-content\/uploads\/2022\/01\/logo-pouey.svg","width":139,"height":107,"caption":"Pouey International"},"image":{"@id":"https:\/\/pouey.definima.net\/es\/#\/schema\/logo\/image\/"},"sameAs":["https:\/\/www.facebook.com\/p\/Pouey-International-SA-100069749935977","https:\/\/x.com\/PoueyInt","https:\/\/www.linkedin.com\/company\/pouey-international\/"]}]}},"_links":{"self":[{"href":"https:\/\/pouey.definima.net\/es\/wp-json\/wp\/v2\/pages\/966","targetHints":{"allow":["GET"]}}],"collection":[{"href":"https:\/\/pouey.definima.net\/es\/wp-json\/wp\/v2\/pages"}],"about":[{"href":"https:\/\/pouey.definima.net\/es\/wp-json\/wp\/v2\/types\/page"}],"author":[{"embeddable":true,"href":"https:\/\/pouey.definima.net\/es\/wp-json\/wp\/v2\/users\/1"}],"replies":[{"embeddable":true,"href":"https:\/\/pouey.definima.net\/es\/wp-json\/wp\/v2\/comments?post=966"}],"version-history":[{"count":1,"href":"https:\/\/pouey.definima.net\/es\/wp-json\/wp\/v2\/pages\/966\/revisions"}],"predecessor-version":[{"id":1343,"href":"https:\/\/pouey.definima.net\/es\/wp-json\/wp\/v2\/pages\/966\/revisions\/1343"}],"wp:featuredmedia":[{"embeddable":true,"href":"https:\/\/pouey.definima.net\/es\/wp-json\/wp\/v2\/media\/473"}],"wp:attachment":[{"href":"https:\/\/pouey.definima.net\/es\/wp-json\/wp\/v2\/media?parent=966"}],"curies":[{"name":"wp","href":"https:\/\/api.w.org\/{rel}","templated":true}]}}