{"id":985,"date":"2022-02-18T14:28:17","date_gmt":"2022-02-18T13:28:17","guid":{"rendered":"https:\/\/www.pouey.com\/sitemap\/"},"modified":"2022-08-16T11:01:57","modified_gmt":"2022-08-16T09:01:57","slug":"sitemap","status":"publish","type":"page","link":"https:\/\/pouey.definima.net\/en\/sitemap\/","title":{"rendered":"Sitemap"},"content":{"rendered":"\n<p>Pour modifier le plan du site aller dans Apparence &gt; Menus &gt; S\u00e9lectionner le menu &#8220;Plan du site&#8221;.<br\/>\u00c9videment cette phrase n&#8217;apparaitra pas en front office tant que le mod\u00e8le de page &#8220;Page plan du site&#8221; est s\u00e9lectionn\u00e9.<\/p>\n","protected":false},"excerpt":{"rendered":"<p>Pour modifier le plan du site aller dans Apparence &gt; Menus &gt; S\u00e9lectionner le menu &#8220;Plan du site&#8221;.\u00c9videment cette phrase n&#8217;apparaitra pas en front office tant que le mod\u00e8le de page &#8220;Page plan du site&#8221; est s\u00e9lectionn\u00e9.<\/p>\n","protected":false},"author":1,"featured_media":0,"parent":0,"menu_order":0,"comment_status":"closed","ping_status":"closed","template":"template-sitemap.php","meta":{"content-type":"","inline_featured_image":false,"footnotes":""},"class_list":["post-985","page","type-page","status-publish","hentry","entry"],"acf":[],"yoast_head":"<!-- This site is optimized with the Yoast SEO plugin v27.4 - https:\/\/yoast.com\/product\/yoast-seo-wordpress\/ -->\n<title>Sitemap &amp; navigation | Pouey International<\/title>\n<meta name=\"description\" content=\"Navigate our site easily with our site map. Everything you need to browse and get the information you need.\" \/>\n<meta name=\"robots\" content=\"noindex, follow, max-snippet:-1, max-image-preview:large, max-video-preview:-1\" \/>\n<meta property=\"og:locale\" content=\"en_US\" \/>\n<meta property=\"og:type\" content=\"article\" \/>\n<meta property=\"og:title\" content=\"Sitemap &amp; navigation | Pouey International\" \/>\n<meta property=\"og:description\" content=\"Navigate our site easily with our site map. Everything you need to browse and get the information you need.\" \/>\n<meta property=\"og:url\" content=\"https:\/\/pouey.definima.net\/en\/sitemap\/\" \/>\n<meta property=\"og:site_name\" content=\"Pouey International\" \/>\n<meta property=\"article:publisher\" content=\"https:\/\/www.facebook.com\/p\/Pouey-International-SA-100069749935977\" \/>\n<meta property=\"article:modified_time\" content=\"2022-08-16T09:01:57+00:00\" \/>\n<meta name=\"twitter:card\" content=\"summary_large_image\" \/>\n<meta name=\"twitter:site\" content=\"@PoueyInt\" \/>\n<script type=\"application\/ld+json\" class=\"yoast-schema-graph\">{\"@context\":\"https:\\\/\\\/schema.org\",\"@graph\":[{\"@type\":\"WebPage\",\"@id\":\"https:\\\/\\\/pouey.definima.net\\\/en\\\/sitemap\\\/\",\"url\":\"https:\\\/\\\/pouey.definima.net\\\/en\\\/sitemap\\\/\",\"name\":\"Sitemap & navigation | Pouey International\",\"isPartOf\":{\"@id\":\"https:\\\/\\\/pouey.definima.net\\\/en\\\/#website\"},\"datePublished\":\"2022-02-18T13:28:17+00:00\",\"dateModified\":\"2022-08-16T09:01:57+00:00\",\"description\":\"Navigate our site easily with our site map. Everything you need to browse and get the information you need.\",\"breadcrumb\":{\"@id\":\"https:\\\/\\\/pouey.definima.net\\\/en\\\/sitemap\\\/#breadcrumb\"},\"inLanguage\":\"en-US\",\"potentialAction\":[{\"@type\":\"ReadAction\",\"target\":[\"https:\\\/\\\/pouey.definima.net\\\/en\\\/sitemap\\\/\"]}]},{\"@type\":\"BreadcrumbList\",\"@id\":\"https:\\\/\\\/pouey.definima.net\\\/en\\\/sitemap\\\/#breadcrumb\",\"itemListElement\":[{\"@type\":\"ListItem\",\"position\":1,\"name\":\"Home\",\"item\":\"https:\\\/\\\/www.pouey.com\\\/en\\\/\"},{\"@type\":\"ListItem\",\"position\":2,\"name\":\"Sitemap\"}]},{\"@type\":\"WebSite\",\"@id\":\"https:\\\/\\\/pouey.definima.net\\\/en\\\/#website\",\"url\":\"https:\\\/\\\/pouey.definima.net\\\/en\\\/\",\"name\":\"Pouey International\",\"description\":\"Go forward securely with Pouey International\",\"publisher\":{\"@id\":\"https:\\\/\\\/pouey.definima.net\\\/en\\\/#organization\"},\"alternateName\":\"Pouey\",\"potentialAction\":[{\"@type\":\"SearchAction\",\"target\":{\"@type\":\"EntryPoint\",\"urlTemplate\":\"https:\\\/\\\/pouey.definima.net\\\/en\\\/?s={search_term_string}\"},\"query-input\":{\"@type\":\"PropertyValueSpecification\",\"valueRequired\":true,\"valueName\":\"search_term_string\"}}],\"inLanguage\":\"en-US\"},{\"@type\":\"Organization\",\"@id\":\"https:\\\/\\\/pouey.definima.net\\\/en\\\/#organization\",\"name\":\"Pouey International\",\"alternateName\":\"Pouey\",\"url\":\"https:\\\/\\\/pouey.definima.net\\\/en\\\/\",\"logo\":{\"@type\":\"ImageObject\",\"inLanguage\":\"en-US\",\"@id\":\"https:\\\/\\\/pouey.definima.net\\\/en\\\/#\\\/schema\\\/logo\\\/image\\\/\",\"url\":\"https:\\\/\\\/www.pouey.com\\\/wp-content\\\/uploads\\\/2022\\\/01\\\/logo-pouey.svg\",\"contentUrl\":\"https:\\\/\\\/www.pouey.com\\\/wp-content\\\/uploads\\\/2022\\\/01\\\/logo-pouey.svg\",\"width\":139,\"height\":107,\"caption\":\"Pouey International\"},\"image\":{\"@id\":\"https:\\\/\\\/pouey.definima.net\\\/en\\\/#\\\/schema\\\/logo\\\/image\\\/\"},\"sameAs\":[\"https:\\\/\\\/www.facebook.com\\\/p\\\/Pouey-International-SA-100069749935977\",\"https:\\\/\\\/x.com\\\/PoueyInt\",\"https:\\\/\\\/www.linkedin.com\\\/company\\\/pouey-international\\\/\"]}]}<\/script>\n<!-- \/ Yoast SEO plugin. -->","yoast_head_json":{"title":"Sitemap & navigation | Pouey International","description":"Navigate our site easily with our site map. Everything you need to browse and get the information you need.","robots":{"index":"noindex","follow":"follow","max-snippet":"max-snippet:-1","max-image-preview":"max-image-preview:large","max-video-preview":"max-video-preview:-1"},"og_locale":"en_US","og_type":"article","og_title":"Sitemap & navigation | Pouey International","og_description":"Navigate our site easily with our site map. Everything you need to browse and get the information you need.","og_url":"https:\/\/pouey.definima.net\/en\/sitemap\/","og_site_name":"Pouey International","article_publisher":"https:\/\/www.facebook.com\/p\/Pouey-International-SA-100069749935977","article_modified_time":"2022-08-16T09:01:57+00:00","twitter_card":"summary_large_image","twitter_site":"@PoueyInt","schema":{"@context":"https:\/\/schema.org","@graph":[{"@type":"WebPage","@id":"https:\/\/pouey.definima.net\/en\/sitemap\/","url":"https:\/\/pouey.definima.net\/en\/sitemap\/","name":"Sitemap & navigation | Pouey International","isPartOf":{"@id":"https:\/\/pouey.definima.net\/en\/#website"},"datePublished":"2022-02-18T13:28:17+00:00","dateModified":"2022-08-16T09:01:57+00:00","description":"Navigate our site easily with our site map. Everything you need to browse and get the information you need.","breadcrumb":{"@id":"https:\/\/pouey.definima.net\/en\/sitemap\/#breadcrumb"},"inLanguage":"en-US","potentialAction":[{"@type":"ReadAction","target":["https:\/\/pouey.definima.net\/en\/sitemap\/"]}]},{"@type":"BreadcrumbList","@id":"https:\/\/pouey.definima.net\/en\/sitemap\/#breadcrumb","itemListElement":[{"@type":"ListItem","position":1,"name":"Home","item":"https:\/\/www.pouey.com\/en\/"},{"@type":"ListItem","position":2,"name":"Sitemap"}]},{"@type":"WebSite","@id":"https:\/\/pouey.definima.net\/en\/#website","url":"https:\/\/pouey.definima.net\/en\/","name":"Pouey International","description":"Go forward securely with Pouey International","publisher":{"@id":"https:\/\/pouey.definima.net\/en\/#organization"},"alternateName":"Pouey","potentialAction":[{"@type":"SearchAction","target":{"@type":"EntryPoint","urlTemplate":"https:\/\/pouey.definima.net\/en\/?s={search_term_string}"},"query-input":{"@type":"PropertyValueSpecification","valueRequired":true,"valueName":"search_term_string"}}],"inLanguage":"en-US"},{"@type":"Organization","@id":"https:\/\/pouey.definima.net\/en\/#organization","name":"Pouey International","alternateName":"Pouey","url":"https:\/\/pouey.definima.net\/en\/","logo":{"@type":"ImageObject","inLanguage":"en-US","@id":"https:\/\/pouey.definima.net\/en\/#\/schema\/logo\/image\/","url":"https:\/\/www.pouey.com\/wp-content\/uploads\/2022\/01\/logo-pouey.svg","contentUrl":"https:\/\/www.pouey.com\/wp-content\/uploads\/2022\/01\/logo-pouey.svg","width":139,"height":107,"caption":"Pouey International"},"image":{"@id":"https:\/\/pouey.definima.net\/en\/#\/schema\/logo\/image\/"},"sameAs":["https:\/\/www.facebook.com\/p\/Pouey-International-SA-100069749935977","https:\/\/x.com\/PoueyInt","https:\/\/www.linkedin.com\/company\/pouey-international\/"]}]}},"_links":{"self":[{"href":"https:\/\/pouey.definima.net\/en\/wp-json\/wp\/v2\/pages\/985","targetHints":{"allow":["GET"]}}],"collection":[{"href":"https:\/\/pouey.definima.net\/en\/wp-json\/wp\/v2\/pages"}],"about":[{"href":"https:\/\/pouey.definima.net\/en\/wp-json\/wp\/v2\/types\/page"}],"author":[{"embeddable":true,"href":"https:\/\/pouey.definima.net\/en\/wp-json\/wp\/v2\/users\/1"}],"replies":[{"embeddable":true,"href":"https:\/\/pouey.definima.net\/en\/wp-json\/wp\/v2\/comments?post=985"}],"version-history":[{"count":2,"href":"https:\/\/pouey.definima.net\/en\/wp-json\/wp\/v2\/pages\/985\/revisions"}],"predecessor-version":[{"id":1732,"href":"https:\/\/pouey.definima.net\/en\/wp-json\/wp\/v2\/pages\/985\/revisions\/1732"}],"wp:attachment":[{"href":"https:\/\/pouey.definima.net\/en\/wp-json\/wp\/v2\/media?parent=985"}],"curies":[{"name":"wp","href":"https:\/\/api.w.org\/{rel}","templated":true}]}}