{"id":3051,"date":"2022-02-18T14:28:17","date_gmt":"2022-02-18T13:28:17","guid":{"rendered":"https:\/\/www.pouey.com\/plan-du-site\/"},"modified":"2024-11-12T15:07:47","modified_gmt":"2024-11-12T14:07:47","slug":"inhaltsverzeichnis","status":"publish","type":"page","link":"https:\/\/pouey.definima.net\/de\/inhaltsverzeichnis\/","title":{"rendered":"inhaltsverzeichnis"},"content":{"rendered":"\n<p>Pour modifier le plan du site aller dans Apparence &gt; Menus &gt; S\u00e9lectionner le menu &#8222;Plan du site&#8220;.<br\/>\u00c9videment cette phrase n&#8217;apparaitra pas en front office tant que le mod\u00e8le de page &#8222;Page plan du site&#8220; est s\u00e9lectionn\u00e9.<\/p>\n","protected":false},"excerpt":{"rendered":"<p>Pour modifier le plan du site aller dans Apparence &gt; Menus &gt; S\u00e9lectionner le menu &#8222;Plan du site&#8220;.\u00c9videment cette phrase n&#8217;apparaitra pas en front office tant que le mod\u00e8le de page &#8222;Page plan du site&#8220; est s\u00e9lectionn\u00e9.<\/p>\n","protected":false},"author":1,"featured_media":0,"parent":0,"menu_order":0,"comment_status":"closed","ping_status":"closed","template":"template-sitemap.php","meta":{"content-type":"","inline_featured_image":false,"footnotes":""},"class_list":["post-3051","page","type-page","status-publish","hentry","entry"],"acf":[],"yoast_head":"<!-- This site is optimized with the Yoast SEO plugin v27.4 - https:\/\/yoast.com\/product\/yoast-seo-wordpress\/ -->\n<title>Inhaltsverzeichnis | Pouey International<\/title>\n<meta name=\"description\" content=\"Navigieren Sie unsere Website ganz einfach mit unserer Sitemap. Alles, was Sie brauchen, um zu st\u00f6bern und die Informationen zu erhalten, die Sie brauchen.\" \/>\n<meta name=\"robots\" content=\"noindex, follow, max-snippet:-1, max-image-preview:large, max-video-preview:-1\" \/>\n<meta property=\"og:locale\" content=\"de_DE\" \/>\n<meta property=\"og:type\" content=\"article\" \/>\n<meta property=\"og:title\" content=\"Inhaltsverzeichnis | Pouey International\" \/>\n<meta property=\"og:description\" content=\"Navigieren Sie unsere Website ganz einfach mit unserer Sitemap. Alles, was Sie brauchen, um zu st\u00f6bern und die Informationen zu erhalten, die Sie brauchen.\" \/>\n<meta property=\"og:url\" content=\"https:\/\/pouey.definima.net\/de\/inhaltsverzeichnis\/\" \/>\n<meta property=\"og:site_name\" content=\"Pouey International\" \/>\n<meta property=\"article:publisher\" content=\"https:\/\/www.facebook.com\/p\/Pouey-International-SA-100069749935977\" \/>\n<meta property=\"article:modified_time\" content=\"2024-11-12T14:07:47+00:00\" \/>\n<meta name=\"twitter:card\" content=\"summary_large_image\" \/>\n<meta name=\"twitter:site\" content=\"@PoueyInt\" \/>\n<meta name=\"twitter:label1\" content=\"Gesch\u00e4tzte Lesezeit\" \/>\n\t<meta name=\"twitter:data1\" content=\"1\u00a0Minute\" \/>\n<script type=\"application\/ld+json\" class=\"yoast-schema-graph\">{\"@context\":\"https:\\\/\\\/schema.org\",\"@graph\":[{\"@type\":\"WebPage\",\"@id\":\"https:\\\/\\\/pouey.definima.net\\\/de\\\/inhaltsverzeichnis\\\/\",\"url\":\"https:\\\/\\\/pouey.definima.net\\\/de\\\/inhaltsverzeichnis\\\/\",\"name\":\"Inhaltsverzeichnis | Pouey International\",\"isPartOf\":{\"@id\":\"https:\\\/\\\/pouey.definima.net\\\/de\\\/#website\"},\"datePublished\":\"2022-02-18T13:28:17+00:00\",\"dateModified\":\"2024-11-12T14:07:47+00:00\",\"description\":\"Navigieren Sie unsere Website ganz einfach mit unserer Sitemap. Alles, was Sie brauchen, um zu st\u00f6bern und die Informationen zu erhalten, die Sie brauchen.\",\"breadcrumb\":{\"@id\":\"https:\\\/\\\/pouey.definima.net\\\/de\\\/inhaltsverzeichnis\\\/#breadcrumb\"},\"inLanguage\":\"de\",\"potentialAction\":[{\"@type\":\"ReadAction\",\"target\":[\"https:\\\/\\\/pouey.definima.net\\\/de\\\/inhaltsverzeichnis\\\/\"]}]},{\"@type\":\"BreadcrumbList\",\"@id\":\"https:\\\/\\\/pouey.definima.net\\\/de\\\/inhaltsverzeichnis\\\/#breadcrumb\",\"itemListElement\":[{\"@type\":\"ListItem\",\"position\":1,\"name\":\"Start\",\"item\":\"https:\\\/\\\/www.pouey.com\\\/de\\\/\"},{\"@type\":\"ListItem\",\"position\":2,\"name\":\"inhaltsverzeichnis\"}]},{\"@type\":\"WebSite\",\"@id\":\"https:\\\/\\\/pouey.definima.net\\\/de\\\/#website\",\"url\":\"https:\\\/\\\/pouey.definima.net\\\/de\\\/\",\"name\":\"Pouey International\",\"description\":\"Mit Pouey International sicher vorankommen \",\"publisher\":{\"@id\":\"https:\\\/\\\/pouey.definima.net\\\/de\\\/#organization\"},\"alternateName\":\"Pouey\",\"potentialAction\":[{\"@type\":\"SearchAction\",\"target\":{\"@type\":\"EntryPoint\",\"urlTemplate\":\"https:\\\/\\\/pouey.definima.net\\\/de\\\/?s={search_term_string}\"},\"query-input\":{\"@type\":\"PropertyValueSpecification\",\"valueRequired\":true,\"valueName\":\"search_term_string\"}}],\"inLanguage\":\"de\"},{\"@type\":\"Organization\",\"@id\":\"https:\\\/\\\/pouey.definima.net\\\/de\\\/#organization\",\"name\":\"Pouey International\",\"alternateName\":\"Pouey\",\"url\":\"https:\\\/\\\/pouey.definima.net\\\/de\\\/\",\"logo\":{\"@type\":\"ImageObject\",\"inLanguage\":\"de\",\"@id\":\"https:\\\/\\\/pouey.definima.net\\\/de\\\/#\\\/schema\\\/logo\\\/image\\\/\",\"url\":\"https:\\\/\\\/www.pouey.com\\\/wp-content\\\/uploads\\\/2022\\\/01\\\/logo-pouey.svg\",\"contentUrl\":\"https:\\\/\\\/www.pouey.com\\\/wp-content\\\/uploads\\\/2022\\\/01\\\/logo-pouey.svg\",\"width\":139,\"height\":107,\"caption\":\"Pouey International\"},\"image\":{\"@id\":\"https:\\\/\\\/pouey.definima.net\\\/de\\\/#\\\/schema\\\/logo\\\/image\\\/\"},\"sameAs\":[\"https:\\\/\\\/www.facebook.com\\\/p\\\/Pouey-International-SA-100069749935977\",\"https:\\\/\\\/x.com\\\/PoueyInt\",\"https:\\\/\\\/www.linkedin.com\\\/company\\\/pouey-international\\\/\"]}]}<\/script>\n<!-- \/ Yoast SEO plugin. -->","yoast_head_json":{"title":"Inhaltsverzeichnis | Pouey International","description":"Navigieren Sie unsere Website ganz einfach mit unserer Sitemap. Alles, was Sie brauchen, um zu st\u00f6bern und die Informationen zu erhalten, die Sie brauchen.","robots":{"index":"noindex","follow":"follow","max-snippet":"max-snippet:-1","max-image-preview":"max-image-preview:large","max-video-preview":"max-video-preview:-1"},"og_locale":"de_DE","og_type":"article","og_title":"Inhaltsverzeichnis | Pouey International","og_description":"Navigieren Sie unsere Website ganz einfach mit unserer Sitemap. Alles, was Sie brauchen, um zu st\u00f6bern und die Informationen zu erhalten, die Sie brauchen.","og_url":"https:\/\/pouey.definima.net\/de\/inhaltsverzeichnis\/","og_site_name":"Pouey International","article_publisher":"https:\/\/www.facebook.com\/p\/Pouey-International-SA-100069749935977","article_modified_time":"2024-11-12T14:07:47+00:00","twitter_card":"summary_large_image","twitter_site":"@PoueyInt","twitter_misc":{"Gesch\u00e4tzte Lesezeit":"1\u00a0Minute"},"schema":{"@context":"https:\/\/schema.org","@graph":[{"@type":"WebPage","@id":"https:\/\/pouey.definima.net\/de\/inhaltsverzeichnis\/","url":"https:\/\/pouey.definima.net\/de\/inhaltsverzeichnis\/","name":"Inhaltsverzeichnis | Pouey International","isPartOf":{"@id":"https:\/\/pouey.definima.net\/de\/#website"},"datePublished":"2022-02-18T13:28:17+00:00","dateModified":"2024-11-12T14:07:47+00:00","description":"Navigieren Sie unsere Website ganz einfach mit unserer Sitemap. Alles, was Sie brauchen, um zu st\u00f6bern und die Informationen zu erhalten, die Sie brauchen.","breadcrumb":{"@id":"https:\/\/pouey.definima.net\/de\/inhaltsverzeichnis\/#breadcrumb"},"inLanguage":"de","potentialAction":[{"@type":"ReadAction","target":["https:\/\/pouey.definima.net\/de\/inhaltsverzeichnis\/"]}]},{"@type":"BreadcrumbList","@id":"https:\/\/pouey.definima.net\/de\/inhaltsverzeichnis\/#breadcrumb","itemListElement":[{"@type":"ListItem","position":1,"name":"Start","item":"https:\/\/www.pouey.com\/de\/"},{"@type":"ListItem","position":2,"name":"inhaltsverzeichnis"}]},{"@type":"WebSite","@id":"https:\/\/pouey.definima.net\/de\/#website","url":"https:\/\/pouey.definima.net\/de\/","name":"Pouey International","description":"Mit Pouey International sicher vorankommen ","publisher":{"@id":"https:\/\/pouey.definima.net\/de\/#organization"},"alternateName":"Pouey","potentialAction":[{"@type":"SearchAction","target":{"@type":"EntryPoint","urlTemplate":"https:\/\/pouey.definima.net\/de\/?s={search_term_string}"},"query-input":{"@type":"PropertyValueSpecification","valueRequired":true,"valueName":"search_term_string"}}],"inLanguage":"de"},{"@type":"Organization","@id":"https:\/\/pouey.definima.net\/de\/#organization","name":"Pouey International","alternateName":"Pouey","url":"https:\/\/pouey.definima.net\/de\/","logo":{"@type":"ImageObject","inLanguage":"de","@id":"https:\/\/pouey.definima.net\/de\/#\/schema\/logo\/image\/","url":"https:\/\/www.pouey.com\/wp-content\/uploads\/2022\/01\/logo-pouey.svg","contentUrl":"https:\/\/www.pouey.com\/wp-content\/uploads\/2022\/01\/logo-pouey.svg","width":139,"height":107,"caption":"Pouey International"},"image":{"@id":"https:\/\/pouey.definima.net\/de\/#\/schema\/logo\/image\/"},"sameAs":["https:\/\/www.facebook.com\/p\/Pouey-International-SA-100069749935977","https:\/\/x.com\/PoueyInt","https:\/\/www.linkedin.com\/company\/pouey-international\/"]}]}},"_links":{"self":[{"href":"https:\/\/pouey.definima.net\/de\/wp-json\/wp\/v2\/pages\/3051","targetHints":{"allow":["GET"]}}],"collection":[{"href":"https:\/\/pouey.definima.net\/de\/wp-json\/wp\/v2\/pages"}],"about":[{"href":"https:\/\/pouey.definima.net\/de\/wp-json\/wp\/v2\/types\/page"}],"author":[{"embeddable":true,"href":"https:\/\/pouey.definima.net\/de\/wp-json\/wp\/v2\/users\/1"}],"replies":[{"embeddable":true,"href":"https:\/\/pouey.definima.net\/de\/wp-json\/wp\/v2\/comments?post=3051"}],"version-history":[{"count":2,"href":"https:\/\/pouey.definima.net\/de\/wp-json\/wp\/v2\/pages\/3051\/revisions"}],"predecessor-version":[{"id":3644,"href":"https:\/\/pouey.definima.net\/de\/wp-json\/wp\/v2\/pages\/3051\/revisions\/3644"}],"wp:attachment":[{"href":"https:\/\/pouey.definima.net\/de\/wp-json\/wp\/v2\/media?parent=3051"}],"curies":[{"name":"wp","href":"https:\/\/api.w.org\/{rel}","templated":true}]}}