{"id":3027,"date":"2022-01-19T15:11:57","date_gmt":"2022-01-19T14:11:57","guid":{"rendered":"https:\/\/www.pouey.com\/start\/"},"modified":"2024-11-07T17:23:55","modified_gmt":"2024-11-07T16:23:55","slug":"start","status":"publish","type":"page","link":"https:\/\/pouey.definima.net\/de\/","title":{"rendered":"Start"},"content":{"rendered":"","protected":false},"excerpt":{"rendered":"","protected":false},"author":1,"featured_media":2703,"parent":0,"menu_order":0,"comment_status":"closed","ping_status":"closed","template":"template-accueil.php","meta":{"content-type":"","inline_featured_image":false,"footnotes":""},"class_list":["post-3027","page","type-page","status-publish","has-post-thumbnail","hentry","entry"],"acf":[],"yoast_head":"<!-- This site is optimized with the Yoast SEO plugin v27.4 - https:\/\/yoast.com\/product\/yoast-seo-wordpress\/ -->\n<title>Risikomanagement und Gesch\u00e4ftswachstum | Pouey International<\/title>\n<meta name=\"description\" content=\"Entdecken Sie Pouey International f\u00fcr umfassendes Kunden- und Lieferantenrisikomanagement. Weltweit sicher wachsen mit unseren ma\u00dfgeschneiderten L\u00f6sungen.\" \/>\n<meta name=\"robots\" content=\"noindex, follow, max-snippet:-1, max-image-preview:large, max-video-preview:-1\" \/>\n<meta property=\"og:locale\" content=\"de_DE\" \/>\n<meta property=\"og:type\" content=\"article\" \/>\n<meta property=\"og:title\" content=\"Risikomanagement und Gesch\u00e4ftswachstum | Pouey International\" \/>\n<meta property=\"og:description\" content=\"Entdecken Sie Pouey International f\u00fcr umfassendes Kunden- und Lieferantenrisikomanagement. Weltweit sicher wachsen mit unseren ma\u00dfgeschneiderten L\u00f6sungen.\" \/>\n<meta property=\"og:url\" content=\"https:\/\/pouey.definima.net\/de\/\" \/>\n<meta property=\"og:site_name\" content=\"Pouey International\" \/>\n<meta property=\"article:publisher\" content=\"https:\/\/www.facebook.com\/p\/Pouey-International-SA-100069749935977\" \/>\n<meta property=\"article:modified_time\" content=\"2024-11-07T16:23:55+00:00\" \/>\n<meta property=\"og:image\" content=\"https:\/\/pouey.definima.net\/wp-content\/uploads\/2022\/02\/hero.jpg\" \/>\n\t<meta property=\"og:image:width\" content=\"1170\" \/>\n\t<meta property=\"og:image:height\" content=\"780\" \/>\n\t<meta property=\"og:image:type\" content=\"image\/jpeg\" \/>\n<meta name=\"twitter:card\" content=\"summary_large_image\" \/>\n<meta name=\"twitter:site\" content=\"@PoueyInt\" \/>\n<meta name=\"twitter:label1\" content=\"Gesch\u00e4tzte Lesezeit\" \/>\n\t<meta name=\"twitter:data1\" content=\"1\u00a0Minute\" \/>\n<script type=\"application\/ld+json\" class=\"yoast-schema-graph\">{\"@context\":\"https:\\\/\\\/schema.org\",\"@graph\":[{\"@type\":\"WebPage\",\"@id\":\"https:\\\/\\\/pouey.definima.net\\\/de\\\/\",\"url\":\"https:\\\/\\\/pouey.definima.net\\\/de\\\/\",\"name\":\"Risikomanagement und Gesch\u00e4ftswachstum | Pouey International\",\"isPartOf\":{\"@id\":\"https:\\\/\\\/pouey.definima.net\\\/de\\\/#website\"},\"primaryImageOfPage\":{\"@id\":\"https:\\\/\\\/pouey.definima.net\\\/de\\\/#primaryimage\"},\"image\":{\"@id\":\"https:\\\/\\\/pouey.definima.net\\\/de\\\/#primaryimage\"},\"thumbnailUrl\":\"https:\\\/\\\/pouey.definima.net\\\/wp-content\\\/uploads\\\/2022\\\/02\\\/hero.jpg\",\"datePublished\":\"2022-01-19T14:11:57+00:00\",\"dateModified\":\"2024-11-07T16:23:55+00:00\",\"description\":\"Entdecken Sie Pouey International f\u00fcr umfassendes Kunden- und Lieferantenrisikomanagement. Weltweit sicher wachsen mit unseren ma\u00dfgeschneiderten L\u00f6sungen.\",\"breadcrumb\":{\"@id\":\"https:\\\/\\\/pouey.definima.net\\\/de\\\/#breadcrumb\"},\"inLanguage\":\"de\",\"potentialAction\":[{\"@type\":\"ReadAction\",\"target\":[\"https:\\\/\\\/pouey.definima.net\\\/de\\\/\"]}]},{\"@type\":\"ImageObject\",\"inLanguage\":\"de\",\"@id\":\"https:\\\/\\\/pouey.definima.net\\\/de\\\/#primaryimage\",\"url\":\"https:\\\/\\\/pouey.definima.net\\\/wp-content\\\/uploads\\\/2022\\\/02\\\/hero.jpg\",\"contentUrl\":\"https:\\\/\\\/pouey.definima.net\\\/wp-content\\\/uploads\\\/2022\\\/02\\\/hero.jpg\",\"width\":1170,\"height\":780},{\"@type\":\"BreadcrumbList\",\"@id\":\"https:\\\/\\\/pouey.definima.net\\\/de\\\/#breadcrumb\",\"itemListElement\":[{\"@type\":\"ListItem\",\"position\":1,\"name\":\"Start\",\"item\":\"https:\\\/\\\/www.pouey.com\\\/de\\\/\"},{\"@type\":\"ListItem\",\"position\":2,\"name\":\"Start\"}]},{\"@type\":\"WebSite\",\"@id\":\"https:\\\/\\\/pouey.definima.net\\\/de\\\/#website\",\"url\":\"https:\\\/\\\/pouey.definima.net\\\/de\\\/\",\"name\":\"Pouey International\",\"description\":\"Mit Pouey International sicher vorankommen \",\"publisher\":{\"@id\":\"https:\\\/\\\/pouey.definima.net\\\/de\\\/#organization\"},\"alternateName\":\"Pouey\",\"potentialAction\":[{\"@type\":\"SearchAction\",\"target\":{\"@type\":\"EntryPoint\",\"urlTemplate\":\"https:\\\/\\\/pouey.definima.net\\\/de\\\/?s={search_term_string}\"},\"query-input\":{\"@type\":\"PropertyValueSpecification\",\"valueRequired\":true,\"valueName\":\"search_term_string\"}}],\"inLanguage\":\"de\"},{\"@type\":\"Organization\",\"@id\":\"https:\\\/\\\/pouey.definima.net\\\/de\\\/#organization\",\"name\":\"Pouey International\",\"alternateName\":\"Pouey\",\"url\":\"https:\\\/\\\/pouey.definima.net\\\/de\\\/\",\"logo\":{\"@type\":\"ImageObject\",\"inLanguage\":\"de\",\"@id\":\"https:\\\/\\\/pouey.definima.net\\\/de\\\/#\\\/schema\\\/logo\\\/image\\\/\",\"url\":\"https:\\\/\\\/www.pouey.com\\\/wp-content\\\/uploads\\\/2022\\\/01\\\/logo-pouey.svg\",\"contentUrl\":\"https:\\\/\\\/www.pouey.com\\\/wp-content\\\/uploads\\\/2022\\\/01\\\/logo-pouey.svg\",\"width\":139,\"height\":107,\"caption\":\"Pouey International\"},\"image\":{\"@id\":\"https:\\\/\\\/pouey.definima.net\\\/de\\\/#\\\/schema\\\/logo\\\/image\\\/\"},\"sameAs\":[\"https:\\\/\\\/www.facebook.com\\\/p\\\/Pouey-International-SA-100069749935977\",\"https:\\\/\\\/x.com\\\/PoueyInt\",\"https:\\\/\\\/www.linkedin.com\\\/company\\\/pouey-international\\\/\"]}]}<\/script>\n<!-- \/ Yoast SEO plugin. -->","yoast_head_json":{"title":"Risikomanagement und Gesch\u00e4ftswachstum | Pouey International","description":"Entdecken Sie Pouey International f\u00fcr umfassendes Kunden- und Lieferantenrisikomanagement. Weltweit sicher wachsen mit unseren ma\u00dfgeschneiderten L\u00f6sungen.","robots":{"index":"noindex","follow":"follow","max-snippet":"max-snippet:-1","max-image-preview":"max-image-preview:large","max-video-preview":"max-video-preview:-1"},"og_locale":"de_DE","og_type":"article","og_title":"Risikomanagement und Gesch\u00e4ftswachstum | Pouey International","og_description":"Entdecken Sie Pouey International f\u00fcr umfassendes Kunden- und Lieferantenrisikomanagement. Weltweit sicher wachsen mit unseren ma\u00dfgeschneiderten L\u00f6sungen.","og_url":"https:\/\/pouey.definima.net\/de\/","og_site_name":"Pouey International","article_publisher":"https:\/\/www.facebook.com\/p\/Pouey-International-SA-100069749935977","article_modified_time":"2024-11-07T16:23:55+00:00","og_image":[{"width":1170,"height":780,"url":"https:\/\/pouey.definima.net\/wp-content\/uploads\/2022\/02\/hero.jpg","type":"image\/jpeg"}],"twitter_card":"summary_large_image","twitter_site":"@PoueyInt","twitter_misc":{"Gesch\u00e4tzte Lesezeit":"1\u00a0Minute"},"schema":{"@context":"https:\/\/schema.org","@graph":[{"@type":"WebPage","@id":"https:\/\/pouey.definima.net\/de\/","url":"https:\/\/pouey.definima.net\/de\/","name":"Risikomanagement und Gesch\u00e4ftswachstum | Pouey International","isPartOf":{"@id":"https:\/\/pouey.definima.net\/de\/#website"},"primaryImageOfPage":{"@id":"https:\/\/pouey.definima.net\/de\/#primaryimage"},"image":{"@id":"https:\/\/pouey.definima.net\/de\/#primaryimage"},"thumbnailUrl":"https:\/\/pouey.definima.net\/wp-content\/uploads\/2022\/02\/hero.jpg","datePublished":"2022-01-19T14:11:57+00:00","dateModified":"2024-11-07T16:23:55+00:00","description":"Entdecken Sie Pouey International f\u00fcr umfassendes Kunden- und Lieferantenrisikomanagement. Weltweit sicher wachsen mit unseren ma\u00dfgeschneiderten L\u00f6sungen.","breadcrumb":{"@id":"https:\/\/pouey.definima.net\/de\/#breadcrumb"},"inLanguage":"de","potentialAction":[{"@type":"ReadAction","target":["https:\/\/pouey.definima.net\/de\/"]}]},{"@type":"ImageObject","inLanguage":"de","@id":"https:\/\/pouey.definima.net\/de\/#primaryimage","url":"https:\/\/pouey.definima.net\/wp-content\/uploads\/2022\/02\/hero.jpg","contentUrl":"https:\/\/pouey.definima.net\/wp-content\/uploads\/2022\/02\/hero.jpg","width":1170,"height":780},{"@type":"BreadcrumbList","@id":"https:\/\/pouey.definima.net\/de\/#breadcrumb","itemListElement":[{"@type":"ListItem","position":1,"name":"Start","item":"https:\/\/www.pouey.com\/de\/"},{"@type":"ListItem","position":2,"name":"Start"}]},{"@type":"WebSite","@id":"https:\/\/pouey.definima.net\/de\/#website","url":"https:\/\/pouey.definima.net\/de\/","name":"Pouey International","description":"Mit Pouey International sicher vorankommen ","publisher":{"@id":"https:\/\/pouey.definima.net\/de\/#organization"},"alternateName":"Pouey","potentialAction":[{"@type":"SearchAction","target":{"@type":"EntryPoint","urlTemplate":"https:\/\/pouey.definima.net\/de\/?s={search_term_string}"},"query-input":{"@type":"PropertyValueSpecification","valueRequired":true,"valueName":"search_term_string"}}],"inLanguage":"de"},{"@type":"Organization","@id":"https:\/\/pouey.definima.net\/de\/#organization","name":"Pouey International","alternateName":"Pouey","url":"https:\/\/pouey.definima.net\/de\/","logo":{"@type":"ImageObject","inLanguage":"de","@id":"https:\/\/pouey.definima.net\/de\/#\/schema\/logo\/image\/","url":"https:\/\/www.pouey.com\/wp-content\/uploads\/2022\/01\/logo-pouey.svg","contentUrl":"https:\/\/www.pouey.com\/wp-content\/uploads\/2022\/01\/logo-pouey.svg","width":139,"height":107,"caption":"Pouey International"},"image":{"@id":"https:\/\/pouey.definima.net\/de\/#\/schema\/logo\/image\/"},"sameAs":["https:\/\/www.facebook.com\/p\/Pouey-International-SA-100069749935977","https:\/\/x.com\/PoueyInt","https:\/\/www.linkedin.com\/company\/pouey-international\/"]}]}},"_links":{"self":[{"href":"https:\/\/pouey.definima.net\/de\/wp-json\/wp\/v2\/pages\/3027","targetHints":{"allow":["GET"]}}],"collection":[{"href":"https:\/\/pouey.definima.net\/de\/wp-json\/wp\/v2\/pages"}],"about":[{"href":"https:\/\/pouey.definima.net\/de\/wp-json\/wp\/v2\/types\/page"}],"author":[{"embeddable":true,"href":"https:\/\/pouey.definima.net\/de\/wp-json\/wp\/v2\/users\/1"}],"replies":[{"embeddable":true,"href":"https:\/\/pouey.definima.net\/de\/wp-json\/wp\/v2\/comments?post=3027"}],"version-history":[{"count":1,"href":"https:\/\/pouey.definima.net\/de\/wp-json\/wp\/v2\/pages\/3027\/revisions"}],"predecessor-version":[{"id":3028,"href":"https:\/\/pouey.definima.net\/de\/wp-json\/wp\/v2\/pages\/3027\/revisions\/3028"}],"wp:featuredmedia":[{"embeddable":true,"href":"https:\/\/pouey.definima.net\/de\/wp-json\/wp\/v2\/media\/2703"}],"wp:attachment":[{"href":"https:\/\/pouey.definima.net\/de\/wp-json\/wp\/v2\/media?parent=3027"}],"curies":[{"name":"wp","href":"https:\/\/api.w.org\/{rel}","templated":true}]}}